{"id":17016,"date":"2026-03-26T15:01:36","date_gmt":"2026-03-26T15:01:36","guid":{"rendered":"https:\/\/netpubli.com.br\/pd\/?page_id=17016"},"modified":"2026-04-15T13:49:18","modified_gmt":"2026-04-15T13:49:18","slug":"quem-sou","status":"publish","type":"page","link":"https:\/\/netpubli.com.br\/pd\/quem-sou\/","title":{"rendered":"Quem Sou"},"content":{"rendered":"\t\t<div data-elementor-type=\"wp-page\" data-elementor-id=\"17016\" class=\"elementor elementor-17016\" data-elementor-post-type=\"page\">\n\t\t\t\t<div class=\"elementor-element elementor-element-c3de211 e-flex e-con-boxed e-con e-parent\" data-id=\"c3de211\" data-element_type=\"container\" data-settings=\"{&quot;background_background&quot;:&quot;classic&quot;}\">\n\t\t\t\t\t<div class=\"e-con-inner\">\n\t\t\t\t<div class=\"elementor-element elementor-element-aae33f8 elementor-widget elementor-widget-html\" data-id=\"aae33f8\" data-element_type=\"widget\" data-widget_type=\"html.default\">\n\t\t\t\t\t<link rel=\"preconnect\" href=\"https:\/\/fonts.googleapis.com\">\r\n<link rel=\"preconnect\" href=\"https:\/\/fonts.gstatic.com\" crossorigin>\r\n<link href=\"https:\/\/fonts.googleapis.com\/css2?family=Montserrat:wght@400;500;600;700;800;900&display=swap\" rel=\"stylesheet\">\r\n<link rel=\"stylesheet\" href=\"https:\/\/cdnjs.cloudflare.com\/ajax\/libs\/font-awesome\/6.7.2\/css\/all.min.css\"\/>\r\n<script src=\"https:\/\/cdn.tailwindcss.com\"><\/script>\r\n\r\n<section id=\"sobre-interno\" class=\"relative w-full bg-transparent px-4 py-8 md:px-5 md:py-12 overflow-hidden box-border font-['Montserrat',_sans-serif]\">\r\n  <div class=\"w-full max-w-[1120px] mx-auto grid grid-cols-1 md:grid-cols-2 gap-6 md:gap-10 items-center\">\r\n    \r\n    <div class=\"w-full relative\">\r\n      <div class=\"absolute -inset-2 bg-[#004bad]\/20 rounded-xl transform rotate-2\"><\/div>\r\n      <img decoding=\"async\" \r\n        src=\"https:\/\/netpubli.com.br\/pd\/wp-content\/uploads\/2026\/03\/matheus-cozolino.png\" \r\n        alt=\"Vinicius Cozzolino\" \r\n        class=\"relative w-full h-auto object-cover rounded-xl shadow-[0_10px_30px_rgba(0,0,0,0.3)] border-b-4 border-[#004bad]\"\r\n      >\r\n    <\/div>\r\n\r\n    <div class=\"w-full flex flex-col justify-center text-left\">\r\n      \r\n      <div class=\"mb-1 text-[#004bad] text-[14px] md:text-[16px] font-extrabold uppercase tracking-wider\">\r\n        Quem sou\r\n      <\/div>\r\n      \r\n      <h2 class=\"m-0 text-[#111111] text-[28px] md:text-[36px] font-extrabold leading-[1.1] tracking-[-0.03em] mb-3\">\r\n        Representando Mag\u00e9 e o <span class=\"text-[#004bad]\">Rio de Janeiro<\/span>\r\n      <\/h2>\r\n\r\n      <div class=\"w-[60px] h-[3px] bg-[#004bad] rounded-full mb-4\"><\/div>\r\n\r\n      <p class=\"m-0 text-[#333333] text-[16px] font-medium leading-[1.5] mb-5\">\r\n        Vinicius Cozzolino \u00e9 deputado estadual do Rio de Janeiro, eleito com 70.270 votos, e cumpre seu primeiro mandato na Assembleia Legislativa do Estado do Rio de Janeiro (Alerj), onde j\u00e1 aprovou 37 leis. Advogado de forma\u00e7\u00e3o, neste mandato j\u00e1 integrou comiss\u00f5es estrat\u00e9gicas da Casa, como a de Constitui\u00e7\u00e3o e Justi\u00e7a (CCJ), al\u00e9m das Comiss\u00f5es de Or\u00e7amento, Tributa\u00e7\u00e3o e Economia. Tamb\u00e9m coordena a Frente Parlamentar da Juventude e tem atua\u00e7\u00e3o marcada por forte produ\u00e7\u00e3o legislativa e iniciativas voltadas ao desenvolvimento social e econ\u00f4mico. \r\n \r\nAntes de chegar \u00e0 Alerj, foi secret\u00e1rio de Governo e de Fazenda de Mag\u00e9, contribuindo para o equil\u00edbrio das contas p\u00fablicas. No Parlamento, tamb\u00e9m se destaca pela parceria com os munic\u00edpios do interior, tendo destinado mais de R$ 4 milh\u00f5es em emendas parlamentares, fortalecendo \u00e1reas como sa\u00fade, educa\u00e7\u00e3o e infraestrutura.\r\n      <\/p>\r\n\r\n      <div class=\"flex flex-col gap-3 mb-5\">\r\n\r\n        <div class=\"flex items-center gap-3 p-3 rounded-lg bg-[#004bad] border border-[#004bad] hover:opacity-90 transition-all duration-300\">\r\n          <div class=\"w-10 h-10 min-w-[40px] rounded-full bg-yellow-400\/20 flex items-center justify-center shrink-0\">\r\n            <i class=\"fa-solid fa-building-columns text-yellow-400 text-[16px]\"><\/i>\r\n          <\/div>\r\n          <span class=\"text-white text-[14px] font-semibold leading-snug\">\r\n            Ex-Secret\u00e1rio de Governo de Mag\u00e9\r\n          <\/span>\r\n        <\/div>\r\n\r\n        <div class=\"flex items-center gap-3 p-3 rounded-lg bg-[#004bad] border border-[#004bad] hover:opacity-90 transition-all duration-300\">\r\n          <div class=\"w-10 h-10 min-w-[40px] rounded-full bg-yellow-400\/20 flex items-center justify-center shrink-0\">\r\n            <i class=\"fa-solid fa-people-group text-yellow-400 text-[16px]\"><\/i>\r\n          <\/div>\r\n          <span class=\"text-white text-[14px] font-semibold leading-snug\">\r\n            Neto do ex-prefeito Renato Cozzolino, tradi\u00e7\u00e3o de servi\u00e7o p\u00fablico\r\n          <\/span>\r\n        <\/div>\r\n\r\n      <\/div>\r\n\r\n      <div class=\"flex flex-wrap gap-2 mt-1\">\r\n        <span class=\"px-4 py-1.5 bg-[#004bad] text-white text-[13px] font-extrabold rounded-full uppercase tracking-wide\">\r\n          Trabalho\r\n        <\/span>\r\n        <span class=\"px-4 py-1.5 bg-[#004bad] text-white text-[13px] font-extrabold rounded-full uppercase tracking-wide\">\r\n          \u00c9tica\r\n        <\/span>\r\n        <span class=\"px-4 py-1.5 bg-[#004bad] text-white text-[13px] font-extrabold rounded-full uppercase tracking-wide\">\r\n          Renova\u00e7\u00e3o\r\n        <\/span>\r\n      <\/div>\r\n\r\n    <\/div>\r\n  <\/div>\r\n<\/section>\t\t\t\t<\/div>\n\t\t\t\t\t<\/div>\n\t\t\t\t<\/div>\n\t\t\t\t<\/div>\n\t\t","protected":false},"excerpt":{"rendered":"<p>Quem sou Representando Mag\u00e9 e o Rio de Janeiro Vinicius Cozzolino \u00e9 deputado estadual do Rio de Janeiro, eleito com 70.270 votos, e cumpre seu primeiro mandato na Assembleia Legislativa do Estado do Rio de Janeiro (Alerj), onde j\u00e1 aprovou 37 leis. Advogado de forma\u00e7\u00e3o, neste mandato j\u00e1 integrou comiss\u00f5es estrat\u00e9gicas da Casa, como a [&hellip;]<\/p>\n","protected":false},"author":1,"featured_media":0,"parent":0,"menu_order":0,"comment_status":"closed","ping_status":"closed","template":"elementor_header_footer","meta":{"footnotes":""},"class_list":["post-17016","page","type-page","status-publish","hentry"],"_links":{"self":[{"href":"https:\/\/netpubli.com.br\/pd\/wp-json\/wp\/v2\/pages\/17016","targetHints":{"allow":["GET"]}}],"collection":[{"href":"https:\/\/netpubli.com.br\/pd\/wp-json\/wp\/v2\/pages"}],"about":[{"href":"https:\/\/netpubli.com.br\/pd\/wp-json\/wp\/v2\/types\/page"}],"author":[{"embeddable":true,"href":"https:\/\/netpubli.com.br\/pd\/wp-json\/wp\/v2\/users\/1"}],"replies":[{"embeddable":true,"href":"https:\/\/netpubli.com.br\/pd\/wp-json\/wp\/v2\/comments?post=17016"}],"version-history":[{"count":52,"href":"https:\/\/netpubli.com.br\/pd\/wp-json\/wp\/v2\/pages\/17016\/revisions"}],"predecessor-version":[{"id":17416,"href":"https:\/\/netpubli.com.br\/pd\/wp-json\/wp\/v2\/pages\/17016\/revisions\/17416"}],"wp:attachment":[{"href":"https:\/\/netpubli.com.br\/pd\/wp-json\/wp\/v2\/media?parent=17016"}],"curies":[{"name":"wp","href":"https:\/\/api.w.org\/{rel}","templated":true}]}}